{"id":409,"date":"2019-02-03T21:25:26","date_gmt":"2019-02-03T20:25:26","guid":{"rendered":"https:\/\/shiatsu-kurz.com\/wordpress\/?page_id=409"},"modified":"2025-12-30T10:38:25","modified_gmt":"2025-12-30T09:38:25","slug":"uber-mich","status":"publish","type":"page","link":"https:\/\/shiatsu-kurz.com\/?page_id=409","title":{"rendered":"\u00dcber mich"},"content":{"rendered":"\r\n\r\n\r\n\r\n\r\n<p><img loading=\"lazy\" decoding=\"async\" class=\"alignnone wp-image-407 size-medium\" src=\"https:\/\/shiatsu-kurz.com\/wp-content\/uploads\/2019\/01\/IMG_3900-e1548541197451-225x300.jpg\" alt=\"\" width=\"225\" height=\"300\" srcset=\"https:\/\/shiatsu-kurz.com\/wp-content\/uploads\/2019\/01\/IMG_3900-e1548541197451-225x300.jpg 225w, https:\/\/shiatsu-kurz.com\/wp-content\/uploads\/2019\/01\/IMG_3900-e1548541197451-768x1024.jpg 768w\" sizes=\"auto, (max-width: 225px) 100vw, 225px\" \/><\/p>\r\n<p><span style=\"color: #9b1f52;\"><b>Ich hei\u00dfe Verena Kurz und\u00a0wurde 1972 geboren. Ich bin verheiratet und Mutter von 2 Kindern.\u00a0<\/b><\/span><\/p>\r\n<p><span style=\"color: #9b1f52;\"><strong>Vor einigen Jahren habe ich Shiatsu als Klientin kennengelernt und selbst erfahren, was diese Art von K\u00f6rpertherapie bewirken kann. <\/strong><strong>Deshalb entschloss ich mich,\u00a0die Ausbildung zur Shiatsu-Praktikerin\u00a0zu absolvieren.<\/strong><\/span><\/p>\r\n<p><span style=\"color: #9b1f52;\">\r\n\r\n<\/span><\/p>\r\n<p><span style=\"color: #9b1f52;\"><strong>Im Jahr 2019 habe ich die Ausbildung zur Shiatsu-Praktikerin am ISOM Wiesbaden (einer von der GSD &#8211; Gesellschaft f\u00fcr Shiatsu in Deutschland anerkannten Schule) erfolgreich abgeschlossen.<\/strong><\/span><\/p>\r\n<p><span style=\"color: #9b1f52;\">\r\n\r\n<\/span><\/p>\r\n<p><span style=\"color: #9b1f52;\"><strong>Im Shiatsu\u00a0habe ich eine wunderbare Verbindung von K\u00f6rper, Geist und Seele gefunden. Immer wieder bin ich begeistert von den M\u00f6glichkeiten, die diese Art von K\u00f6rpertherapie geben kann. In meiner Arbeit ist es mir wichtig, Menschen individuell zu begleiten\u00a0und in ihrem pers\u00f6nlichen Entwicklungsprozess positiv zu unterst\u00fctzen. <\/strong><\/span><\/p>\r\n<p><span style=\"color: #9b1f52;\">\r\n\r\n<\/span><\/p>\r\n<p><span style=\"color: #9b1f52;\"><strong>Ich\u00a0bin examinierte Krankenschwester und Fachkraft f\u00fcr palliative Versorgung. Im Rahmen von\u00a0Fortbildungen in den Bereichen Aromapflege,\u00a0basale Stimulation und Kin\u00e4sthetik habe ich mich beruflich weiter qualifiziert. Des weiteren habe ich eine Ausbildung zur Massagetherapeutin terramedus\u00ae abgeschlossen.<\/strong><\/span><\/p>\r\n<p>Shiatsu Verena Kurz &#8211; www.shiatsu-kurz.com<\/p>\r\n","protected":false},"excerpt":{"rendered":"<p>Ich hei\u00dfe Verena Kurz und\u00a0wurde 1972 geboren. Ich bin verheiratet und Mutter von 2 Kindern.\u00a0 Vor einigen Jahren habe ich Shiatsu als Klientin kennengelernt und selbst erfahren, was diese Art von K\u00f6rpertherapie bewirken kann. Deshalb entschloss ich mich,\u00a0die Ausbildung zur Shiatsu-Praktikerin\u00a0zu absolvieren. Im Jahr 2019 habe ich die Ausbildung zur Shiatsu-Praktikerin am ISOM Wiesbaden (einer &hellip; <a href=\"https:\/\/shiatsu-kurz.com\/?page_id=409\" class=\"more-link\">Weiterlesen <span class=\"screen-reader-text\">\u00dcber mich<\/span><\/a><\/p>\n","protected":false},"author":1,"featured_media":0,"parent":0,"menu_order":0,"comment_status":"closed","ping_status":"closed","template":"page-templates\/full-width-page.php","meta":{"footnotes":""},"class_list":["post-409","page","type-page","status-publish","hentry","without-featured-image"],"yoast_head":"<!-- This site is optimized with the Yoast SEO plugin v27.4 - https:\/\/yoast.com\/product\/yoast-seo-wordpress\/ -->\n<title>\u00dcber mich - Shiatsu - Verena Kurz<\/title>\n<meta name=\"description\" content=\"Verena Kurz ist Shiatsu-Praktikerin (GSD) in Ausbildung. {adca912e958cc9e69aba2398da0ab46f1e6e9d2ad313692ad4c7f8851db800c0}\" \/>\n<meta name=\"robots\" content=\"index, follow, max-snippet:-1, max-image-preview:large, max-video-preview:-1\" \/>\n<link rel=\"canonical\" href=\"https:\/\/shiatsu-kurz.com\/?page_id=409\" \/>\n<meta property=\"og:locale\" content=\"de_DE\" \/>\n<meta property=\"og:type\" content=\"article\" \/>\n<meta property=\"og:title\" content=\"\u00dcber mich - Shiatsu - Verena Kurz\" \/>\n<meta property=\"og:description\" content=\"Verena Kurz ist Shiatsu-Praktikerin (GSD) in Ausbildung. {adca912e958cc9e69aba2398da0ab46f1e6e9d2ad313692ad4c7f8851db800c0}\" \/>\n<meta property=\"og:url\" content=\"https:\/\/shiatsu-kurz.com\/?page_id=409\" \/>\n<meta property=\"og:site_name\" content=\"Shiatsu - Verena Kurz\" \/>\n<meta property=\"article:modified_time\" content=\"2025-12-30T09:38:25+00:00\" \/>\n<meta property=\"og:image\" content=\"https:\/\/shiatsu-kurz.com\/wp-content\/uploads\/2019\/01\/IMG_3900-e1548541197451.jpg\" \/>\n\t<meta property=\"og:image:width\" content=\"3024\" \/>\n\t<meta property=\"og:image:height\" content=\"4032\" \/>\n\t<meta property=\"og:image:type\" content=\"image\/jpeg\" \/>\n<meta name=\"twitter:card\" content=\"summary_large_image\" \/>\n<meta name=\"twitter:label1\" content=\"Gesch\u00e4tzte Lesezeit\" \/>\n\t<meta name=\"twitter:data1\" content=\"2\u00a0Minuten\" \/>\n<script type=\"application\/ld+json\" class=\"yoast-schema-graph\">{\"@context\":\"https:\\\/\\\/schema.org\",\"@graph\":[{\"@type\":\"WebPage\",\"@id\":\"https:\\\/\\\/shiatsu-kurz.com\\\/?page_id=409\",\"url\":\"https:\\\/\\\/shiatsu-kurz.com\\\/?page_id=409\",\"name\":\"\u00dcber mich - Shiatsu - Verena Kurz\",\"isPartOf\":{\"@id\":\"https:\\\/\\\/shiatsu-kurz.com\\\/#website\"},\"primaryImageOfPage\":{\"@id\":\"https:\\\/\\\/shiatsu-kurz.com\\\/?page_id=409#primaryimage\"},\"image\":{\"@id\":\"https:\\\/\\\/shiatsu-kurz.com\\\/?page_id=409#primaryimage\"},\"thumbnailUrl\":\"https:\\\/\\\/shiatsu-kurz.com\\\/wp-content\\\/uploads\\\/2019\\\/01\\\/IMG_3900-e1548541197451-225x300.jpg\",\"datePublished\":\"2019-02-03T20:25:26+00:00\",\"dateModified\":\"2025-12-30T09:38:25+00:00\",\"description\":\"Verena Kurz ist Shiatsu-Praktikerin (GSD) in Ausbildung. {adca912e958cc9e69aba2398da0ab46f1e6e9d2ad313692ad4c7f8851db800c0}\",\"breadcrumb\":{\"@id\":\"https:\\\/\\\/shiatsu-kurz.com\\\/?page_id=409#breadcrumb\"},\"inLanguage\":\"de\",\"potentialAction\":[{\"@type\":\"ReadAction\",\"target\":[\"https:\\\/\\\/shiatsu-kurz.com\\\/?page_id=409\"]}]},{\"@type\":\"ImageObject\",\"inLanguage\":\"de\",\"@id\":\"https:\\\/\\\/shiatsu-kurz.com\\\/?page_id=409#primaryimage\",\"url\":\"https:\\\/\\\/shiatsu-kurz.com\\\/wp-content\\\/uploads\\\/2019\\\/01\\\/IMG_3900-e1548541197451.jpg\",\"contentUrl\":\"https:\\\/\\\/shiatsu-kurz.com\\\/wp-content\\\/uploads\\\/2019\\\/01\\\/IMG_3900-e1548541197451.jpg\",\"width\":3024,\"height\":4032},{\"@type\":\"BreadcrumbList\",\"@id\":\"https:\\\/\\\/shiatsu-kurz.com\\\/?page_id=409#breadcrumb\",\"itemListElement\":[{\"@type\":\"ListItem\",\"position\":1,\"name\":\"Startseite\",\"item\":\"https:\\\/\\\/shiatsu-kurz.com\\\/\"},{\"@type\":\"ListItem\",\"position\":2,\"name\":\"\u00dcber mich\"}]},{\"@type\":\"WebSite\",\"@id\":\"https:\\\/\\\/shiatsu-kurz.com\\\/#website\",\"url\":\"https:\\\/\\\/shiatsu-kurz.com\\\/\",\"name\":\"Shiatsu - Verena Kurz\",\"description\":\"\",\"potentialAction\":[{\"@type\":\"SearchAction\",\"target\":{\"@type\":\"EntryPoint\",\"urlTemplate\":\"https:\\\/\\\/shiatsu-kurz.com\\\/?s={search_term_string}\"},\"query-input\":{\"@type\":\"PropertyValueSpecification\",\"valueRequired\":true,\"valueName\":\"search_term_string\"}}],\"inLanguage\":\"de\"}]}<\/script>\n<!-- \/ Yoast SEO plugin. -->","yoast_head_json":{"title":"\u00dcber mich - Shiatsu - Verena Kurz","description":"Verena Kurz ist Shiatsu-Praktikerin (GSD) in Ausbildung. {adca912e958cc9e69aba2398da0ab46f1e6e9d2ad313692ad4c7f8851db800c0}","robots":{"index":"index","follow":"follow","max-snippet":"max-snippet:-1","max-image-preview":"max-image-preview:large","max-video-preview":"max-video-preview:-1"},"canonical":"https:\/\/shiatsu-kurz.com\/?page_id=409","og_locale":"de_DE","og_type":"article","og_title":"\u00dcber mich - Shiatsu - Verena Kurz","og_description":"Verena Kurz ist Shiatsu-Praktikerin (GSD) in Ausbildung. {adca912e958cc9e69aba2398da0ab46f1e6e9d2ad313692ad4c7f8851db800c0}","og_url":"https:\/\/shiatsu-kurz.com\/?page_id=409","og_site_name":"Shiatsu - Verena Kurz","article_modified_time":"2025-12-30T09:38:25+00:00","og_image":[{"width":3024,"height":4032,"url":"https:\/\/shiatsu-kurz.com\/wp-content\/uploads\/2019\/01\/IMG_3900-e1548541197451.jpg","type":"image\/jpeg"}],"twitter_card":"summary_large_image","twitter_misc":{"Gesch\u00e4tzte Lesezeit":"2\u00a0Minuten"},"schema":{"@context":"https:\/\/schema.org","@graph":[{"@type":"WebPage","@id":"https:\/\/shiatsu-kurz.com\/?page_id=409","url":"https:\/\/shiatsu-kurz.com\/?page_id=409","name":"\u00dcber mich - Shiatsu - Verena Kurz","isPartOf":{"@id":"https:\/\/shiatsu-kurz.com\/#website"},"primaryImageOfPage":{"@id":"https:\/\/shiatsu-kurz.com\/?page_id=409#primaryimage"},"image":{"@id":"https:\/\/shiatsu-kurz.com\/?page_id=409#primaryimage"},"thumbnailUrl":"https:\/\/shiatsu-kurz.com\/wp-content\/uploads\/2019\/01\/IMG_3900-e1548541197451-225x300.jpg","datePublished":"2019-02-03T20:25:26+00:00","dateModified":"2025-12-30T09:38:25+00:00","description":"Verena Kurz ist Shiatsu-Praktikerin (GSD) in Ausbildung. {adca912e958cc9e69aba2398da0ab46f1e6e9d2ad313692ad4c7f8851db800c0}","breadcrumb":{"@id":"https:\/\/shiatsu-kurz.com\/?page_id=409#breadcrumb"},"inLanguage":"de","potentialAction":[{"@type":"ReadAction","target":["https:\/\/shiatsu-kurz.com\/?page_id=409"]}]},{"@type":"ImageObject","inLanguage":"de","@id":"https:\/\/shiatsu-kurz.com\/?page_id=409#primaryimage","url":"https:\/\/shiatsu-kurz.com\/wp-content\/uploads\/2019\/01\/IMG_3900-e1548541197451.jpg","contentUrl":"https:\/\/shiatsu-kurz.com\/wp-content\/uploads\/2019\/01\/IMG_3900-e1548541197451.jpg","width":3024,"height":4032},{"@type":"BreadcrumbList","@id":"https:\/\/shiatsu-kurz.com\/?page_id=409#breadcrumb","itemListElement":[{"@type":"ListItem","position":1,"name":"Startseite","item":"https:\/\/shiatsu-kurz.com\/"},{"@type":"ListItem","position":2,"name":"\u00dcber mich"}]},{"@type":"WebSite","@id":"https:\/\/shiatsu-kurz.com\/#website","url":"https:\/\/shiatsu-kurz.com\/","name":"Shiatsu - Verena Kurz","description":"","potentialAction":[{"@type":"SearchAction","target":{"@type":"EntryPoint","urlTemplate":"https:\/\/shiatsu-kurz.com\/?s={search_term_string}"},"query-input":{"@type":"PropertyValueSpecification","valueRequired":true,"valueName":"search_term_string"}}],"inLanguage":"de"}]}},"_links":{"self":[{"href":"https:\/\/shiatsu-kurz.com\/index.php?rest_route=\/wp\/v2\/pages\/409","targetHints":{"allow":["GET"]}}],"collection":[{"href":"https:\/\/shiatsu-kurz.com\/index.php?rest_route=\/wp\/v2\/pages"}],"about":[{"href":"https:\/\/shiatsu-kurz.com\/index.php?rest_route=\/wp\/v2\/types\/page"}],"author":[{"embeddable":true,"href":"https:\/\/shiatsu-kurz.com\/index.php?rest_route=\/wp\/v2\/users\/1"}],"replies":[{"embeddable":true,"href":"https:\/\/shiatsu-kurz.com\/index.php?rest_route=%2Fwp%2Fv2%2Fcomments&post=409"}],"version-history":[{"count":29,"href":"https:\/\/shiatsu-kurz.com\/index.php?rest_route=\/wp\/v2\/pages\/409\/revisions"}],"predecessor-version":[{"id":945,"href":"https:\/\/shiatsu-kurz.com\/index.php?rest_route=\/wp\/v2\/pages\/409\/revisions\/945"}],"wp:attachment":[{"href":"https:\/\/shiatsu-kurz.com\/index.php?rest_route=%2Fwp%2Fv2%2Fmedia&parent=409"}],"curies":[{"name":"wp","href":"https:\/\/api.w.org\/{rel}","templated":true}]}}