{"id":500,"date":"2019-02-03T19:27:19","date_gmt":"2019-02-03T18:27:19","guid":{"rendered":"https:\/\/shiatsu-kurz.com\/wordpress\/?page_id=500"},"modified":"2022-12-17T14:56:05","modified_gmt":"2022-12-17T13:56:05","slug":"was-ist-shiatsu","status":"publish","type":"page","link":"https:\/\/shiatsu-kurz.com\/?page_id=500","title":{"rendered":"Was ist Shiatsu?"},"content":{"rendered":"\r\n<div class=\"wp-block-image\">\r\n<figure class=\"alignleft is-resized\"><img loading=\"lazy\" decoding=\"async\" class=\"alignnone wp-image-410 size-medium\" src=\"https:\/\/shiatsu-kurz.com\/wp-content\/uploads\/2019\/01\/1200px-Shiatsu_Chinese_characters.svg_-300x144.png\" alt=\"\" width=\"300\" height=\"144\" srcset=\"https:\/\/shiatsu-kurz.com\/wp-content\/uploads\/2019\/01\/1200px-Shiatsu_Chinese_characters.svg_-300x144.png 300w, https:\/\/shiatsu-kurz.com\/wp-content\/uploads\/2019\/01\/1200px-Shiatsu_Chinese_characters.svg_-768x368.png 768w, https:\/\/shiatsu-kurz.com\/wp-content\/uploads\/2019\/01\/1200px-Shiatsu_Chinese_characters.svg_-1024x491.png 1024w, https:\/\/shiatsu-kurz.com\/wp-content\/uploads\/2019\/01\/1200px-Shiatsu_Chinese_characters.svg_.png 1200w\" sizes=\"auto, (max-width: 300px) 100vw, 300px\" \/>\r\n<figcaption><strong>S H I A T S U<br \/>&#8222;Fingerdruck&#8220;<\/strong><\/figcaption>\r\n<\/figure>\r\n<\/div>\r\n\r\n\r\n\r\n<p><span style=\"color: #9b1f52;\"><strong>Shiatsu bedeutet \u00fcbersetzt Fingerdruck und ist eine in Japan entwickelte Form der manuellen Therapie und energetischen K\u00f6rperarbeit, die im Westen weiterentwickelt wurde. Shiatsu ist fest verwurzelt mit der fern\u00f6stlichen Lebenskunde, Heilkunde und Philosophie.<\/strong><\/span><\/p>\r\n<p><span style=\"color: #9b1f52;\">\r\n\r\n<\/span><\/p>\r\n<p><span style=\"color: #9b1f52;\"><strong>Nach diesen traditionellen fern\u00f6stlichen Ansichten durchstr\u00f6mt unsere Lebensenergie (jap. Ki, chin. Qi) den ganzen K\u00f6rper auf Leitbahnen, den sogenannten Meridianen. Jeder Meridian ist einem Organ zugeordnet, mit dem er in besonderer Beziehung steht. Diese geht aber weit \u00fcber die Funktion auf der k\u00f6rperlichen Ebene hinaus, sie beeinflusst auch Geist und Seele gleicherma\u00dfen. Durch einen freien ausgeglichenen Ki Fluss im ganzen K\u00f6rper f\u00fchlen wir uns auf allen Ebenen unseres Seins wohl und bleiben gesund. Danach ist unsere k\u00f6rperliche, geistige und seelische Befindlichkeit Ausdruck der Verteilung und Fluss unserer Lebensenergie.<\/strong><\/span><\/p>\r\n<p><span style=\"color: #9b1f52;\">\r\n\r\n<\/span><\/p>\r\n<p><span style=\"color: #9b1f52;\"><strong>Kommt es z.B. durch Stagnationen in den Meridianen zu einem Ungleichgewicht im Ki Fluss, k\u00f6nnen k\u00f6rperliche oder seelische Beschwerden die Folge sein. Solche Ungleichgewichte k\u00f6nnen entstehen durch Stress, Schlafmangel oder ung\u00fcnstige Lebensf\u00fchrung, aber auch durch \u00e4u\u00dfere Umwelteinfl\u00fcsse.<\/strong><\/span><\/p>\r\n<p><span style=\"color: #9b1f52;\">\r\n\r\n<\/span><\/p>\r\n<p><span style=\"color: #9b1f52;\"><strong>Mit Shiatsu k\u00f6nnen solche energetischen Ungleichgewichte im Meridiansystem erkannt und durch das Setzen gezielter Impulse ausgeglichen werden. Bekannt ist dies aus der Akupunktur, bei der mit Nadeln punktuelle Impulse gesetzt werden. Shiatsu geht dar\u00fcber hinaus, indem nicht nur einzelne Punkte, sondern ganze Meridiane behandelt werden. Dieses Impulssetzen unterst\u00fctzt die Lebensenergie in ihrer Bewegung, wodurch die nat\u00fcrlichen K\u00f6rperfunktionen angeregt werden. Au\u00dferdem hat die Behandlung eine ausgleichende Wirkung auf die Psyche und stimuliert das k\u00f6rpereigene Immunsystem. Durch Dehnungen und Rotationen w\u00e4hrend der Behandlung, wird der Bewegungsapparat mobilisiert und blockierte Gelenke erhalten mehr Spielraum. Zudem f\u00fchrt die Behandlung zu einer besseren Durchblutung von Haut und Bindegewebe. Die Behandlung wird auf individuelle Bed\u00fcrfnisse ausgerichtet und kann je nach Art der Anwendung anregend oder aber auch beruhigend sein. Sie unterst\u00fctzt bei der Selbstwahrnehmung und f\u00f6rdert k\u00f6rpereigene Ressourcen.<\/strong><\/span><\/p>\r\n<p><span style=\"color: #9b1f52;\">\r\n\r\n<\/span><\/p>\r\n<p><span style=\"color: #9b1f52;\"><strong>Shiatsu kann zur reinen Entspannung und vorbeugend eingesetzt werden, aber auch unterst\u00fctzend bei Alltagsstress und Ver\u00e4nderungsprozessen sowie begleitend bei Lebenskrisen wie Trauer oder Trennung. Shiatsu kann dar\u00fcber hinaus bei vielen Symptomen\/Beschwerden wie Schlafst\u00f6rungen, Ersch\u00f6pfung, Verspannungen des R\u00fcckens und Nackens, Verdauungsproblemen, Spannungskopfschmerzen, Migr\u00e4ne und Long COVID positiv unterst\u00fctzend Anwendung finden. <br \/><\/strong><\/span><span style=\"color: #9b1f52;\"><strong>Shiatsu ersetzt aber keinen Arzt oder medizinische Behandlung!<\/strong><\/span><\/p>\r\n<p><span style=\"color: #9b1f52;\">\r\n\r\n<\/span><\/p>\r\n<p><span style=\"color: #9b1f52;\"><strong>Eine Shiatsu-Behandlung erfolgt voll bekleidet und entsprechend der japanischen Tradition auf einem Futon (Matte) auf dem Boden. Auch gibt es die M\u00f6glichkeit einer Behandlung auf der Behandlungsliege oder einem Behandlungsstuhl. Immobilen Menschen kann Shiatsu im Bett gegeben werden.<\/strong><\/span><\/p>\r\n<p>Shiatsu Verena Kurz &#8211; www.shiatsu-kurz.com<\/p>\r\n","protected":false},"excerpt":{"rendered":"<p>Shiatsu bedeutet \u00fcbersetzt Fingerdruck und ist eine in Japan entwickelte Form der manuellen Therapie und energetischen K\u00f6rperarbeit, die im Westen weiterentwickelt wurde. Shiatsu ist fest verwurzelt mit der fern\u00f6stlichen Lebenskunde, Heilkunde und Philosophie. Nach diesen traditionellen fern\u00f6stlichen Ansichten durchstr\u00f6mt unsere Lebensenergie (jap. Ki, chin. Qi) den ganzen K\u00f6rper auf Leitbahnen, den sogenannten Meridianen. Jeder Meridian &hellip; <a href=\"https:\/\/shiatsu-kurz.com\/?page_id=500\" class=\"more-link\">Weiterlesen <span class=\"screen-reader-text\">Was ist Shiatsu?<\/span><\/a><\/p>\n","protected":false},"author":1,"featured_media":0,"parent":0,"menu_order":0,"comment_status":"closed","ping_status":"closed","template":"page-templates\/full-width-page.php","meta":{"footnotes":""},"class_list":["post-500","page","type-page","status-publish","hentry","without-featured-image"],"yoast_head":"<!-- This site is optimized with the Yoast SEO plugin v27.4 - https:\/\/yoast.com\/product\/yoast-seo-wordpress\/ -->\n<title>Was ist Shiatsu? - Shiatsu - Verena Kurz<\/title>\n<meta name=\"description\" content=\"Was ist Shiatsu? Shiatsu bedeutet \u00fcbersetzt Fingerdruck und ist eine in Japan entwickelte Form der manuellen Therapie und energetischen K\u00f6rperarbeit.\" \/>\n<meta name=\"robots\" content=\"index, follow, max-snippet:-1, max-image-preview:large, max-video-preview:-1\" \/>\n<link rel=\"canonical\" href=\"https:\/\/shiatsu-kurz.com\/?page_id=500\" \/>\n<meta property=\"og:locale\" content=\"de_DE\" \/>\n<meta property=\"og:type\" content=\"article\" \/>\n<meta property=\"og:title\" content=\"Was ist Shiatsu? - Shiatsu - Verena Kurz\" \/>\n<meta property=\"og:description\" content=\"Was ist Shiatsu? Shiatsu bedeutet \u00fcbersetzt Fingerdruck und ist eine in Japan entwickelte Form der manuellen Therapie und energetischen K\u00f6rperarbeit.\" \/>\n<meta property=\"og:url\" content=\"https:\/\/shiatsu-kurz.com\/?page_id=500\" \/>\n<meta property=\"og:site_name\" content=\"Shiatsu - Verena Kurz\" \/>\n<meta property=\"article:modified_time\" content=\"2022-12-17T13:56:05+00:00\" \/>\n<meta property=\"og:image\" content=\"https:\/\/shiatsu-kurz.com\/wp-content\/uploads\/2019\/01\/1200px-Shiatsu_Chinese_characters.svg_-300x144.png\" \/>\n<meta name=\"twitter:card\" content=\"summary_large_image\" \/>\n<meta name=\"twitter:label1\" content=\"Gesch\u00e4tzte Lesezeit\" \/>\n\t<meta name=\"twitter:data1\" content=\"3\u00a0Minuten\" \/>\n<script type=\"application\/ld+json\" class=\"yoast-schema-graph\">{\"@context\":\"https:\\\/\\\/schema.org\",\"@graph\":[{\"@type\":\"WebPage\",\"@id\":\"https:\\\/\\\/shiatsu-kurz.com\\\/?page_id=500\",\"url\":\"https:\\\/\\\/shiatsu-kurz.com\\\/?page_id=500\",\"name\":\"Was ist Shiatsu? - Shiatsu - Verena Kurz\",\"isPartOf\":{\"@id\":\"https:\\\/\\\/shiatsu-kurz.com\\\/#website\"},\"primaryImageOfPage\":{\"@id\":\"https:\\\/\\\/shiatsu-kurz.com\\\/?page_id=500#primaryimage\"},\"image\":{\"@id\":\"https:\\\/\\\/shiatsu-kurz.com\\\/?page_id=500#primaryimage\"},\"thumbnailUrl\":\"https:\\\/\\\/shiatsu-kurz.com\\\/wp-content\\\/uploads\\\/2019\\\/01\\\/1200px-Shiatsu_Chinese_characters.svg_-300x144.png\",\"datePublished\":\"2019-02-03T18:27:19+00:00\",\"dateModified\":\"2022-12-17T13:56:05+00:00\",\"description\":\"Was ist Shiatsu? Shiatsu bedeutet \u00fcbersetzt Fingerdruck und ist eine in Japan entwickelte Form der manuellen Therapie und energetischen K\u00f6rperarbeit.\",\"breadcrumb\":{\"@id\":\"https:\\\/\\\/shiatsu-kurz.com\\\/?page_id=500#breadcrumb\"},\"inLanguage\":\"de\",\"potentialAction\":[{\"@type\":\"ReadAction\",\"target\":[\"https:\\\/\\\/shiatsu-kurz.com\\\/?page_id=500\"]}]},{\"@type\":\"ImageObject\",\"inLanguage\":\"de\",\"@id\":\"https:\\\/\\\/shiatsu-kurz.com\\\/?page_id=500#primaryimage\",\"url\":\"https:\\\/\\\/shiatsu-kurz.com\\\/wp-content\\\/uploads\\\/2019\\\/01\\\/1200px-Shiatsu_Chinese_characters.svg_.png\",\"contentUrl\":\"https:\\\/\\\/shiatsu-kurz.com\\\/wp-content\\\/uploads\\\/2019\\\/01\\\/1200px-Shiatsu_Chinese_characters.svg_.png\",\"width\":1200,\"height\":575},{\"@type\":\"BreadcrumbList\",\"@id\":\"https:\\\/\\\/shiatsu-kurz.com\\\/?page_id=500#breadcrumb\",\"itemListElement\":[{\"@type\":\"ListItem\",\"position\":1,\"name\":\"Startseite\",\"item\":\"https:\\\/\\\/shiatsu-kurz.com\\\/\"},{\"@type\":\"ListItem\",\"position\":2,\"name\":\"Was ist Shiatsu?\"}]},{\"@type\":\"WebSite\",\"@id\":\"https:\\\/\\\/shiatsu-kurz.com\\\/#website\",\"url\":\"https:\\\/\\\/shiatsu-kurz.com\\\/\",\"name\":\"Shiatsu - Verena Kurz\",\"description\":\"\",\"potentialAction\":[{\"@type\":\"SearchAction\",\"target\":{\"@type\":\"EntryPoint\",\"urlTemplate\":\"https:\\\/\\\/shiatsu-kurz.com\\\/?s={search_term_string}\"},\"query-input\":{\"@type\":\"PropertyValueSpecification\",\"valueRequired\":true,\"valueName\":\"search_term_string\"}}],\"inLanguage\":\"de\"}]}<\/script>\n<!-- \/ Yoast SEO plugin. -->","yoast_head_json":{"title":"Was ist Shiatsu? - Shiatsu - Verena Kurz","description":"Was ist Shiatsu? Shiatsu bedeutet \u00fcbersetzt Fingerdruck und ist eine in Japan entwickelte Form der manuellen Therapie und energetischen K\u00f6rperarbeit.","robots":{"index":"index","follow":"follow","max-snippet":"max-snippet:-1","max-image-preview":"max-image-preview:large","max-video-preview":"max-video-preview:-1"},"canonical":"https:\/\/shiatsu-kurz.com\/?page_id=500","og_locale":"de_DE","og_type":"article","og_title":"Was ist Shiatsu? - Shiatsu - Verena Kurz","og_description":"Was ist Shiatsu? Shiatsu bedeutet \u00fcbersetzt Fingerdruck und ist eine in Japan entwickelte Form der manuellen Therapie und energetischen K\u00f6rperarbeit.","og_url":"https:\/\/shiatsu-kurz.com\/?page_id=500","og_site_name":"Shiatsu - Verena Kurz","article_modified_time":"2022-12-17T13:56:05+00:00","og_image":[{"url":"https:\/\/shiatsu-kurz.com\/wp-content\/uploads\/2019\/01\/1200px-Shiatsu_Chinese_characters.svg_-300x144.png","type":"","width":"","height":""}],"twitter_card":"summary_large_image","twitter_misc":{"Gesch\u00e4tzte Lesezeit":"3\u00a0Minuten"},"schema":{"@context":"https:\/\/schema.org","@graph":[{"@type":"WebPage","@id":"https:\/\/shiatsu-kurz.com\/?page_id=500","url":"https:\/\/shiatsu-kurz.com\/?page_id=500","name":"Was ist Shiatsu? - Shiatsu - Verena Kurz","isPartOf":{"@id":"https:\/\/shiatsu-kurz.com\/#website"},"primaryImageOfPage":{"@id":"https:\/\/shiatsu-kurz.com\/?page_id=500#primaryimage"},"image":{"@id":"https:\/\/shiatsu-kurz.com\/?page_id=500#primaryimage"},"thumbnailUrl":"https:\/\/shiatsu-kurz.com\/wp-content\/uploads\/2019\/01\/1200px-Shiatsu_Chinese_characters.svg_-300x144.png","datePublished":"2019-02-03T18:27:19+00:00","dateModified":"2022-12-17T13:56:05+00:00","description":"Was ist Shiatsu? Shiatsu bedeutet \u00fcbersetzt Fingerdruck und ist eine in Japan entwickelte Form der manuellen Therapie und energetischen K\u00f6rperarbeit.","breadcrumb":{"@id":"https:\/\/shiatsu-kurz.com\/?page_id=500#breadcrumb"},"inLanguage":"de","potentialAction":[{"@type":"ReadAction","target":["https:\/\/shiatsu-kurz.com\/?page_id=500"]}]},{"@type":"ImageObject","inLanguage":"de","@id":"https:\/\/shiatsu-kurz.com\/?page_id=500#primaryimage","url":"https:\/\/shiatsu-kurz.com\/wp-content\/uploads\/2019\/01\/1200px-Shiatsu_Chinese_characters.svg_.png","contentUrl":"https:\/\/shiatsu-kurz.com\/wp-content\/uploads\/2019\/01\/1200px-Shiatsu_Chinese_characters.svg_.png","width":1200,"height":575},{"@type":"BreadcrumbList","@id":"https:\/\/shiatsu-kurz.com\/?page_id=500#breadcrumb","itemListElement":[{"@type":"ListItem","position":1,"name":"Startseite","item":"https:\/\/shiatsu-kurz.com\/"},{"@type":"ListItem","position":2,"name":"Was ist Shiatsu?"}]},{"@type":"WebSite","@id":"https:\/\/shiatsu-kurz.com\/#website","url":"https:\/\/shiatsu-kurz.com\/","name":"Shiatsu - Verena Kurz","description":"","potentialAction":[{"@type":"SearchAction","target":{"@type":"EntryPoint","urlTemplate":"https:\/\/shiatsu-kurz.com\/?s={search_term_string}"},"query-input":{"@type":"PropertyValueSpecification","valueRequired":true,"valueName":"search_term_string"}}],"inLanguage":"de"}]}},"_links":{"self":[{"href":"https:\/\/shiatsu-kurz.com\/index.php?rest_route=\/wp\/v2\/pages\/500","targetHints":{"allow":["GET"]}}],"collection":[{"href":"https:\/\/shiatsu-kurz.com\/index.php?rest_route=\/wp\/v2\/pages"}],"about":[{"href":"https:\/\/shiatsu-kurz.com\/index.php?rest_route=\/wp\/v2\/types\/page"}],"author":[{"embeddable":true,"href":"https:\/\/shiatsu-kurz.com\/index.php?rest_route=\/wp\/v2\/users\/1"}],"replies":[{"embeddable":true,"href":"https:\/\/shiatsu-kurz.com\/index.php?rest_route=%2Fwp%2Fv2%2Fcomments&post=500"}],"version-history":[{"count":11,"href":"https:\/\/shiatsu-kurz.com\/index.php?rest_route=\/wp\/v2\/pages\/500\/revisions"}],"predecessor-version":[{"id":929,"href":"https:\/\/shiatsu-kurz.com\/index.php?rest_route=\/wp\/v2\/pages\/500\/revisions\/929"}],"wp:attachment":[{"href":"https:\/\/shiatsu-kurz.com\/index.php?rest_route=%2Fwp%2Fv2%2Fmedia&parent=500"}],"curies":[{"name":"wp","href":"https:\/\/api.w.org\/{rel}","templated":true}]}}