{"id":590,"date":"2019-02-03T21:28:29","date_gmt":"2019-02-03T20:28:29","guid":{"rendered":"https:\/\/shiatsu-kurz.com\/wordpress\/?page_id=590"},"modified":"2024-02-04T14:26:05","modified_gmt":"2024-02-04T13:26:05","slug":"behandlung","status":"publish","type":"page","link":"https:\/\/shiatsu-kurz.com\/?page_id=590","title":{"rendered":"Behandlung"},"content":{"rendered":"<div style=\"align: center;\">\r\n<ul class=\"wp-block-gallery columns-3 is-cropped wp-block-gallery-1 is-layout-flex wp-block-gallery-is-layout-flex\">\r\n<li class=\"blocks-gallery-item\">\r\n<figure><img loading=\"lazy\" decoding=\"async\" class=\"alignnone wp-image-626\" src=\"https:\/\/shiatsu-kurz.com\/wp-content\/uploads\/2019\/02\/IMG_4567.jpg\" alt=\"\" width=\"1024\" height=\"768\" data-id=\"626\" data-link=\"https:\/\/shiatsu-kurz.com\/wordpress\/?attachment_id=626#main\" srcset=\"https:\/\/shiatsu-kurz.com\/wp-content\/uploads\/2019\/02\/IMG_4567.jpg 4032w, https:\/\/shiatsu-kurz.com\/wp-content\/uploads\/2019\/02\/IMG_4567-300x225.jpg 300w, https:\/\/shiatsu-kurz.com\/wp-content\/uploads\/2019\/02\/IMG_4567-768x576.jpg 768w, https:\/\/shiatsu-kurz.com\/wp-content\/uploads\/2019\/02\/IMG_4567-1024x768.jpg 1024w, https:\/\/shiatsu-kurz.com\/wp-content\/uploads\/2019\/02\/IMG_4567-507x380.jpg 507w\" sizes=\"auto, (max-width: 1024px) 100vw, 1024px\" \/><\/figure>\r\n<\/li>\r\n<li class=\"blocks-gallery-item\">\r\n<figure><img loading=\"lazy\" decoding=\"async\" class=\"alignnone wp-image-629\" src=\"https:\/\/shiatsu-kurz.com\/wp-content\/uploads\/2019\/02\/IMG_4591.jpg\" alt=\"\" width=\"1024\" height=\"768\" data-id=\"629\" data-link=\"https:\/\/shiatsu-kurz.com\/wordpress\/?attachment_id=629#main\" srcset=\"https:\/\/shiatsu-kurz.com\/wp-content\/uploads\/2019\/02\/IMG_4591.jpg 4032w, https:\/\/shiatsu-kurz.com\/wp-content\/uploads\/2019\/02\/IMG_4591-300x225.jpg 300w, https:\/\/shiatsu-kurz.com\/wp-content\/uploads\/2019\/02\/IMG_4591-768x576.jpg 768w, https:\/\/shiatsu-kurz.com\/wp-content\/uploads\/2019\/02\/IMG_4591-1024x768.jpg 1024w, https:\/\/shiatsu-kurz.com\/wp-content\/uploads\/2019\/02\/IMG_4591-507x380.jpg 507w\" sizes=\"auto, (max-width: 1024px) 100vw, 1024px\" \/><\/figure>\r\n<\/li>\r\n<li class=\"blocks-gallery-item\">\r\n<figure><img loading=\"lazy\" decoding=\"async\" class=\"alignnone wp-image-672\" src=\"https:\/\/shiatsu-kurz.com\/wp-content\/uploads\/2019\/02\/IMG_4574-2.jpg\" alt=\"\" width=\"1024\" height=\"768\" data-id=\"672\" data-link=\"https:\/\/shiatsu-kurz.com\/?attachment_id=672#main\" srcset=\"https:\/\/shiatsu-kurz.com\/wp-content\/uploads\/2019\/02\/IMG_4574-2.jpg 4032w, https:\/\/shiatsu-kurz.com\/wp-content\/uploads\/2019\/02\/IMG_4574-2-300x225.jpg 300w, https:\/\/shiatsu-kurz.com\/wp-content\/uploads\/2019\/02\/IMG_4574-2-768x576.jpg 768w, https:\/\/shiatsu-kurz.com\/wp-content\/uploads\/2019\/02\/IMG_4574-2-1024x768.jpg 1024w, https:\/\/shiatsu-kurz.com\/wp-content\/uploads\/2019\/02\/IMG_4574-2-507x380.jpg 507w\" sizes=\"auto, (max-width: 1024px) 100vw, 1024px\" \/><\/figure>\r\n<\/li>\r\n<\/ul>\r\n<\/div>\r\n<div style=\"clear: both;\">\u00a0<\/div>\r\n\r\n<p><span style=\"color: #9b1f52;\"><strong>Shiatsu erfolgt in der Regel nach japanischer Tradition auf einem Futon (Matte) auf dem Boden. Sollte dies aufgrund k\u00f6rperlicher Einschr\u00e4nkungen nicht m\u00f6glich sein, kann auch auf eine Behandlungsliege ausgewichen werden.<\/strong><\/span><\/p>\r\n<p><span style=\"color: #9b1f52;\">\r\n\r\n\r\n\r\n<\/span><\/p>\r\n<p><span style=\"color: #9b1f52;\"><img loading=\"lazy\" decoding=\"async\" class=\"alignright wp-image-640 size-medium\" src=\"https:\/\/shiatsu-kurz.com\/wp-content\/uploads\/2019\/02\/IMG_4716-300x225.jpg\" alt=\"\" width=\"300\" height=\"225\" srcset=\"https:\/\/shiatsu-kurz.com\/wp-content\/uploads\/2019\/02\/IMG_4716-300x225.jpg 300w, https:\/\/shiatsu-kurz.com\/wp-content\/uploads\/2019\/02\/IMG_4716-768x576.jpg 768w, https:\/\/shiatsu-kurz.com\/wp-content\/uploads\/2019\/02\/IMG_4716-1024x768.jpg 1024w, https:\/\/shiatsu-kurz.com\/wp-content\/uploads\/2019\/02\/IMG_4716-507x380.jpg 507w\" sizes=\"auto, (max-width: 300px) 100vw, 300px\" \/><\/span><\/p>\r\n<p><span style=\"color: #9b1f52;\"><strong>Es empfiehlt sich bequeme Kleidung zu tragen, in d<\/strong><strong>er man sich wohlf\u00fchlen und locker bewegen kann. Aus hygienischen Gr\u00fcnden sollten Str\u00fcmpfe getragen werden. F\u00fcr die Behandlung weniger geeignet sind Kapuzenpullis, Jacken mit Rei\u00dfverschl\u00fcssen und Jeans.<\/strong><\/span><\/p>\r\n<p>&nbsp;<\/p>\r\n<p>&nbsp;<\/p>\r\n<div><span style=\"color: #9b1f52;\"><img loading=\"lazy\" decoding=\"async\" class=\"alignleft wp-image-636 size-medium\" src=\"https:\/\/shiatsu-kurz.com\/wp-content\/uploads\/2019\/02\/IMG_4676-300x225.jpg\" alt=\"\" width=\"300\" height=\"225\" srcset=\"https:\/\/shiatsu-kurz.com\/wp-content\/uploads\/2019\/02\/IMG_4676-300x225.jpg 300w, https:\/\/shiatsu-kurz.com\/wp-content\/uploads\/2019\/02\/IMG_4676-768x576.jpg 768w, https:\/\/shiatsu-kurz.com\/wp-content\/uploads\/2019\/02\/IMG_4676-1024x768.jpg 1024w, https:\/\/shiatsu-kurz.com\/wp-content\/uploads\/2019\/02\/IMG_4676-507x380.jpg 507w\" sizes=\"auto, (max-width: 300px) 100vw, 300px\" \/><\/span>\r\n<p><span style=\"color: #9b1f52;\"><strong>Bevor die Shiatsu-Behandlung beginnt, mache ich mir zun\u00e4chst ein genaues Bild \u00fcber die W\u00fcnsche und Beschwerden meiner Klienten\/innen. Aus Befragen, Zuh\u00f6ren, Schauen und Ber\u00fchren entwickele ich den Ablauf einer auf die jeweiligen Bed\u00fcrfnisse und k\u00f6rperlichen M\u00f6glichkeiten des Klienten\/Klientin abgestimmten individuellen Behandlung.<\/strong><\/span><\/p>\r\n<\/div>\r\n<p>&nbsp;<\/p>\r\n<p>&nbsp;<\/p>\r\n<p>&nbsp;<\/p>\r\n<div><span style=\"color: #9b1f52;\"><img loading=\"lazy\" decoding=\"async\" class=\"alignright wp-image-635 size-medium\" src=\"https:\/\/shiatsu-kurz.com\/wp-content\/uploads\/2019\/02\/IMG_4661-300x225.jpg\" alt=\"\" width=\"300\" height=\"225\" srcset=\"https:\/\/shiatsu-kurz.com\/wp-content\/uploads\/2019\/02\/IMG_4661-300x225.jpg 300w, https:\/\/shiatsu-kurz.com\/wp-content\/uploads\/2019\/02\/IMG_4661-768x576.jpg 768w, https:\/\/shiatsu-kurz.com\/wp-content\/uploads\/2019\/02\/IMG_4661-1024x768.jpg 1024w, https:\/\/shiatsu-kurz.com\/wp-content\/uploads\/2019\/02\/IMG_4661-507x380.jpg 507w\" sizes=\"auto, (max-width: 300px) 100vw, 300px\" \/><\/span>\r\n<p><span style=\"color: #9b1f52;\"><strong>Ich arbeite unter Nutzung meines K\u00f6rpergewichtes vor allem aus der K\u00f6rpermitte (Hara) heraus. Diese spezielle Form der Ber\u00fchrung, ist achtsam und raumgebend, konkret und tief, klar und offen. Sie ber\u00fchrt den Menschen in seiner Ganzheit von K\u00f6rper, Geist und Seele. Die im Shiatsu spezifische Ber\u00fchrung kann dabei mit den Fingern, H\u00e4nden, Ellenbogen, Knien oder auch F\u00fc\u00dfen ausgef\u00fchrt werden. Des Weiteren werden auch Dehnungen und Rotationen eingesetzt.<\/strong><\/span><\/p>\r\n<p>&nbsp;<\/p>\r\n<span style=\"color: #9b1f52;\"><\/span><\/div>\r\n<div><span style=\"color: #9b1f52;\">\r\n\r\n<img loading=\"lazy\" decoding=\"async\" class=\"alignleft wp-image-632 size-medium\" src=\"https:\/\/shiatsu-kurz.com\/wp-content\/uploads\/2019\/02\/IMG_4643-300x225.jpg\" alt=\"\" width=\"300\" height=\"225\" srcset=\"https:\/\/shiatsu-kurz.com\/wp-content\/uploads\/2019\/02\/IMG_4643-300x225.jpg 300w, https:\/\/shiatsu-kurz.com\/wp-content\/uploads\/2019\/02\/IMG_4643-768x576.jpg 768w, https:\/\/shiatsu-kurz.com\/wp-content\/uploads\/2019\/02\/IMG_4643-1024x768.jpg 1024w, https:\/\/shiatsu-kurz.com\/wp-content\/uploads\/2019\/02\/IMG_4643-507x380.jpg 507w\" sizes=\"auto, (max-width: 300px) 100vw, 300px\" \/><\/span>\r\n<p><strong><span style=\"color: #9b1f52;\">Meine Shiatsu Sitzung dauert etwa 60 Minuten incl. Vorgespr\u00e4ch. Der Schluss der Shiatsu-Behandlung besteht aus einer kurzen Ruhe- und Entspannungsphase, bei der die Bewegungen und Ber\u00fchrungen nachwirken k\u00f6nnen. Gerne gebe ich auch danach Empfehlungen f\u00fcr den Alltag, mit denen man die Behandlung positiv selbst unterst\u00fctze<\/span><span style=\"color: #9b1f52;\">n kann.<\/span><\/strong><\/p>\r\n<p style=\"text-align: left;\"><strong><span style=\"color: #9b1f52;\">F\u00fcr eine nachhaltige Wirkung auf den Organismus wird ein Zyklus von mehreren Behandlungen\u00a0empfohlen.\u00a0<\/span><\/strong><\/p>\r\n<p>&nbsp;<\/p>\r\n<p style=\"text-align: left;\"><strong><span style=\"color: #9b1f52;\">Shiatsu\u00a0stellt\u00a0keine\u00a0Alternative\u00a0zu\u00a0einer\u00a0medizinisch erforderlichen Behandlung\u00a0dar.\u00a0 Deshalb\u00a0sollte\u00a0eine gebotene\/notwendige\u00a0\u00e4rztliche\u00a0Behandlung\u00a0keinesfalls\u00a0unterbrochen\u00a0oder\u00a0abgebrochen\u00a0und\u00a0auch\u00a0nicht aufgeschoben oder\u00a0gar\u00a0unterlassen\u00a0werden.<\/span><\/strong><\/p>\r\n<\/div>\r\n<p style=\"text-align: left;\"><strong><span style=\"color: #9b1f52;\">\r\n\r\n\r\n\r\n<\/span><\/strong><\/p>\r\n<p style=\"text-align: left;\"><strong><span style=\"color: #9b1f52;\">Ich bin anerkannte Shiatsu-Praktikerin nach den Richtlinien der <a style=\"color: #9b1f52;\" href=\"http:\/\/www.shiatsu-gsd.de\/\" target=\"_blank\" rel=\"noopener noreferrer\">GSD (Gesellschaft f\u00fcr Shiatsu in Deutschland)<\/a> und weder \u00c4rztin noch Heilpraktikerin. Ich kann eine \u00c4rztin oder Heilpraktikerin nicht ersetzen und will dies auch nicht.<\/span><\/strong><\/p>\r\n<p style=\"text-align: left;\"><strong><span style=\"color: #9b1f52;\">Die Behandlung findet in meinen R\u00e4umlichkeiten in Eppstein-Niederjosbach statt. Sollten Sie einen Hausbesuch\/Firmenbesuch w\u00fcnschen, sprechen Sie mich wegen der besonderen Konditionen an. Ich bin im Main-Taunus-Kreis bzw. Rhein-Main-Gebiet t\u00e4tig, insbesondere im Raum Wiesbaden, Hochheim, Hofheim und Niedernhausen.<\/span><\/strong><\/p>\r\n<p>Shiatsu Verena Kurz &#8211; www.shiatsu-kurz.com<\/p>\r\n<p>\r\n\r\n<\/p>\r\n","protected":false},"excerpt":{"rendered":"<p>\u00a0 Shiatsu erfolgt in der Regel nach japanischer Tradition auf einem Futon (Matte) auf dem Boden. Sollte dies aufgrund k\u00f6rperlicher Einschr\u00e4nkungen nicht m\u00f6glich sein, kann auch auf eine Behandlungsliege ausgewichen werden. Es empfiehlt sich bequeme Kleidung zu tragen, in der man sich wohlf\u00fchlen und locker bewegen kann. Aus hygienischen Gr\u00fcnden sollten Str\u00fcmpfe getragen werden. F\u00fcr &hellip; <a href=\"https:\/\/shiatsu-kurz.com\/?page_id=590\" class=\"more-link\">Weiterlesen <span class=\"screen-reader-text\">Behandlung<\/span><\/a><\/p>\n","protected":false},"author":1,"featured_media":0,"parent":0,"menu_order":0,"comment_status":"closed","ping_status":"closed","template":"page-templates\/full-width-page.php","meta":{"footnotes":""},"class_list":["post-590","page","type-page","status-publish","hentry","without-featured-image"],"yoast_head":"<!-- This site is optimized with the Yoast SEO plugin v27.4 - https:\/\/yoast.com\/product\/yoast-seo-wordpress\/ -->\n<title>Behandlung - Shiatsu - Verena Kurz<\/title>\n<meta name=\"description\" content=\"Bilder einer Shiatsu-Behandlung und Shiatsu-Raum bei Verena Kurz in Hochheim am Main\" \/>\n<meta name=\"robots\" content=\"index, follow, max-snippet:-1, max-image-preview:large, max-video-preview:-1\" \/>\n<link rel=\"canonical\" href=\"https:\/\/shiatsu-kurz.com\/?page_id=590\" \/>\n<meta property=\"og:locale\" content=\"de_DE\" \/>\n<meta property=\"og:type\" content=\"article\" \/>\n<meta property=\"og:title\" content=\"Behandlung - Shiatsu - Verena Kurz\" \/>\n<meta property=\"og:description\" content=\"Bilder einer Shiatsu-Behandlung und Shiatsu-Raum bei Verena Kurz in Hochheim am Main\" \/>\n<meta property=\"og:url\" content=\"https:\/\/shiatsu-kurz.com\/?page_id=590\" \/>\n<meta property=\"og:site_name\" content=\"Shiatsu - Verena Kurz\" \/>\n<meta property=\"article:modified_time\" content=\"2024-02-04T13:26:05+00:00\" \/>\n<meta property=\"og:image\" content=\"https:\/\/shiatsu-kurz.com\/wp-content\/uploads\/2019\/02\/IMG_4567.jpg\" \/>\n<meta name=\"twitter:card\" content=\"summary_large_image\" \/>\n<meta name=\"twitter:label1\" content=\"Gesch\u00e4tzte Lesezeit\" \/>\n\t<meta name=\"twitter:data1\" content=\"4\u00a0Minuten\" \/>\n<script type=\"application\/ld+json\" class=\"yoast-schema-graph\">{\"@context\":\"https:\\\/\\\/schema.org\",\"@graph\":[{\"@type\":\"WebPage\",\"@id\":\"https:\\\/\\\/shiatsu-kurz.com\\\/?page_id=590\",\"url\":\"https:\\\/\\\/shiatsu-kurz.com\\\/?page_id=590\",\"name\":\"Behandlung - Shiatsu - Verena Kurz\",\"isPartOf\":{\"@id\":\"https:\\\/\\\/shiatsu-kurz.com\\\/#website\"},\"primaryImageOfPage\":{\"@id\":\"https:\\\/\\\/shiatsu-kurz.com\\\/?page_id=590#primaryimage\"},\"image\":{\"@id\":\"https:\\\/\\\/shiatsu-kurz.com\\\/?page_id=590#primaryimage\"},\"thumbnailUrl\":\"https:\\\/\\\/shiatsu-kurz.com\\\/wp-content\\\/uploads\\\/2019\\\/02\\\/IMG_4567.jpg\",\"datePublished\":\"2019-02-03T20:28:29+00:00\",\"dateModified\":\"2024-02-04T13:26:05+00:00\",\"description\":\"Bilder einer Shiatsu-Behandlung und Shiatsu-Raum bei Verena Kurz in Hochheim am Main\",\"breadcrumb\":{\"@id\":\"https:\\\/\\\/shiatsu-kurz.com\\\/?page_id=590#breadcrumb\"},\"inLanguage\":\"de\",\"potentialAction\":[{\"@type\":\"ReadAction\",\"target\":[\"https:\\\/\\\/shiatsu-kurz.com\\\/?page_id=590\"]}]},{\"@type\":\"ImageObject\",\"inLanguage\":\"de\",\"@id\":\"https:\\\/\\\/shiatsu-kurz.com\\\/?page_id=590#primaryimage\",\"url\":\"https:\\\/\\\/shiatsu-kurz.com\\\/wp-content\\\/uploads\\\/2019\\\/02\\\/IMG_4567.jpg\",\"contentUrl\":\"https:\\\/\\\/shiatsu-kurz.com\\\/wp-content\\\/uploads\\\/2019\\\/02\\\/IMG_4567.jpg\",\"width\":4032,\"height\":3024},{\"@type\":\"BreadcrumbList\",\"@id\":\"https:\\\/\\\/shiatsu-kurz.com\\\/?page_id=590#breadcrumb\",\"itemListElement\":[{\"@type\":\"ListItem\",\"position\":1,\"name\":\"Startseite\",\"item\":\"https:\\\/\\\/shiatsu-kurz.com\\\/\"},{\"@type\":\"ListItem\",\"position\":2,\"name\":\"Behandlung\"}]},{\"@type\":\"WebSite\",\"@id\":\"https:\\\/\\\/shiatsu-kurz.com\\\/#website\",\"url\":\"https:\\\/\\\/shiatsu-kurz.com\\\/\",\"name\":\"Shiatsu - Verena Kurz\",\"description\":\"\",\"potentialAction\":[{\"@type\":\"SearchAction\",\"target\":{\"@type\":\"EntryPoint\",\"urlTemplate\":\"https:\\\/\\\/shiatsu-kurz.com\\\/?s={search_term_string}\"},\"query-input\":{\"@type\":\"PropertyValueSpecification\",\"valueRequired\":true,\"valueName\":\"search_term_string\"}}],\"inLanguage\":\"de\"}]}<\/script>\n<!-- \/ Yoast SEO plugin. -->","yoast_head_json":{"title":"Behandlung - Shiatsu - Verena Kurz","description":"Bilder einer Shiatsu-Behandlung und Shiatsu-Raum bei Verena Kurz in Hochheim am Main","robots":{"index":"index","follow":"follow","max-snippet":"max-snippet:-1","max-image-preview":"max-image-preview:large","max-video-preview":"max-video-preview:-1"},"canonical":"https:\/\/shiatsu-kurz.com\/?page_id=590","og_locale":"de_DE","og_type":"article","og_title":"Behandlung - Shiatsu - Verena Kurz","og_description":"Bilder einer Shiatsu-Behandlung und Shiatsu-Raum bei Verena Kurz in Hochheim am Main","og_url":"https:\/\/shiatsu-kurz.com\/?page_id=590","og_site_name":"Shiatsu - Verena Kurz","article_modified_time":"2024-02-04T13:26:05+00:00","og_image":[{"url":"https:\/\/shiatsu-kurz.com\/wp-content\/uploads\/2019\/02\/IMG_4567.jpg","type":"","width":"","height":""}],"twitter_card":"summary_large_image","twitter_misc":{"Gesch\u00e4tzte Lesezeit":"4\u00a0Minuten"},"schema":{"@context":"https:\/\/schema.org","@graph":[{"@type":"WebPage","@id":"https:\/\/shiatsu-kurz.com\/?page_id=590","url":"https:\/\/shiatsu-kurz.com\/?page_id=590","name":"Behandlung - Shiatsu - Verena Kurz","isPartOf":{"@id":"https:\/\/shiatsu-kurz.com\/#website"},"primaryImageOfPage":{"@id":"https:\/\/shiatsu-kurz.com\/?page_id=590#primaryimage"},"image":{"@id":"https:\/\/shiatsu-kurz.com\/?page_id=590#primaryimage"},"thumbnailUrl":"https:\/\/shiatsu-kurz.com\/wp-content\/uploads\/2019\/02\/IMG_4567.jpg","datePublished":"2019-02-03T20:28:29+00:00","dateModified":"2024-02-04T13:26:05+00:00","description":"Bilder einer Shiatsu-Behandlung und Shiatsu-Raum bei Verena Kurz in Hochheim am Main","breadcrumb":{"@id":"https:\/\/shiatsu-kurz.com\/?page_id=590#breadcrumb"},"inLanguage":"de","potentialAction":[{"@type":"ReadAction","target":["https:\/\/shiatsu-kurz.com\/?page_id=590"]}]},{"@type":"ImageObject","inLanguage":"de","@id":"https:\/\/shiatsu-kurz.com\/?page_id=590#primaryimage","url":"https:\/\/shiatsu-kurz.com\/wp-content\/uploads\/2019\/02\/IMG_4567.jpg","contentUrl":"https:\/\/shiatsu-kurz.com\/wp-content\/uploads\/2019\/02\/IMG_4567.jpg","width":4032,"height":3024},{"@type":"BreadcrumbList","@id":"https:\/\/shiatsu-kurz.com\/?page_id=590#breadcrumb","itemListElement":[{"@type":"ListItem","position":1,"name":"Startseite","item":"https:\/\/shiatsu-kurz.com\/"},{"@type":"ListItem","position":2,"name":"Behandlung"}]},{"@type":"WebSite","@id":"https:\/\/shiatsu-kurz.com\/#website","url":"https:\/\/shiatsu-kurz.com\/","name":"Shiatsu - Verena Kurz","description":"","potentialAction":[{"@type":"SearchAction","target":{"@type":"EntryPoint","urlTemplate":"https:\/\/shiatsu-kurz.com\/?s={search_term_string}"},"query-input":{"@type":"PropertyValueSpecification","valueRequired":true,"valueName":"search_term_string"}}],"inLanguage":"de"}]}},"_links":{"self":[{"href":"https:\/\/shiatsu-kurz.com\/index.php?rest_route=\/wp\/v2\/pages\/590","targetHints":{"allow":["GET"]}}],"collection":[{"href":"https:\/\/shiatsu-kurz.com\/index.php?rest_route=\/wp\/v2\/pages"}],"about":[{"href":"https:\/\/shiatsu-kurz.com\/index.php?rest_route=\/wp\/v2\/types\/page"}],"author":[{"embeddable":true,"href":"https:\/\/shiatsu-kurz.com\/index.php?rest_route=\/wp\/v2\/users\/1"}],"replies":[{"embeddable":true,"href":"https:\/\/shiatsu-kurz.com\/index.php?rest_route=%2Fwp%2Fv2%2Fcomments&post=590"}],"version-history":[{"count":61,"href":"https:\/\/shiatsu-kurz.com\/index.php?rest_route=\/wp\/v2\/pages\/590\/revisions"}],"predecessor-version":[{"id":940,"href":"https:\/\/shiatsu-kurz.com\/index.php?rest_route=\/wp\/v2\/pages\/590\/revisions\/940"}],"wp:attachment":[{"href":"https:\/\/shiatsu-kurz.com\/index.php?rest_route=%2Fwp%2Fv2%2Fmedia&parent=590"}],"curies":[{"name":"wp","href":"https:\/\/api.w.org\/{rel}","templated":true}]}}